{"id":8,"date":"2023-12-01T15:36:29","date_gmt":"2023-12-01T14:36:29","guid":{"rendered":"http:\/\/dev.brotherfilms.fr\/?page_id=8"},"modified":"2025-12-06T18:02:49","modified_gmt":"2025-12-06T17:02:49","slug":"productions-en-cours","status":"publish","type":"page","link":"https:\/\/www.brotherfilms.fr\/en\/productions-en-cours\/","title":{"rendered":"IN PRODUCTION"},"content":{"rendered":"<div class=\"wp-block-group alignwide is-style-default has-global-padding is-layout-constrained wp-container-core-group-is-layout-201a1795 wp-block-group-is-layout-constrained\" style=\"padding-top:0px;padding-right:0px;padding-bottom:0px;padding-left:0px\">\n<div style=\"height:24px;width:0px\" aria-hidden=\"true\" class=\"wp-block-spacer\"><\/div>\n\n\n\n<div class=\"wp-block-columns alignwide is-layout-flex wp-container-core-columns-is-layout-28f84493 wp-block-columns-is-layout-flex\">\n<div class=\"wp-block-column is-vertically-aligned-center is-layout-flow wp-block-column-is-layout-flow\">\n<figure class=\"wp-block-image size-full\"><img loading=\"lazy\" decoding=\"async\" width=\"911\" height=\"911\" src=\"https:\/\/www.brotherfilms.fr\/wp-content\/uploads\/2024\/11\/Capture-decran-2024-11-26-a-17.51.10.png\" alt=\"\" class=\"wp-image-208\" style=\"object-fit:cover\" srcset=\"https:\/\/www.brotherfilms.fr\/wp-content\/uploads\/2024\/11\/Capture-decran-2024-11-26-a-17.51.10.png 911w, https:\/\/www.brotherfilms.fr\/wp-content\/uploads\/2024\/11\/Capture-decran-2024-11-26-a-17.51.10-300x300.png 300w, https:\/\/www.brotherfilms.fr\/wp-content\/uploads\/2024\/11\/Capture-decran-2024-11-26-a-17.51.10-150x150.png 150w, https:\/\/www.brotherfilms.fr\/wp-content\/uploads\/2024\/11\/Capture-decran-2024-11-26-a-17.51.10-768x768.png 768w\" sizes=\"auto, (max-width: 911px) 100vw, 911px\" \/><\/figure>\n<\/div>\n\n\n\n<div class=\"wp-block-column is-vertically-aligned-bottom is-layout-flow wp-block-column-is-layout-flow\" style=\"flex-basis:70%\">\n<h2 class=\"wp-block-heading has-text-align-left has-vivid-red-color has-text-color\" style=\"font-size:clamp(23.54px, 1.471rem + ((1vw - 3.2px) * 1.757), 39px);line-height:1.2\"><strong>Spirit of the fight<\/strong><\/h2>\n\n\n\n<p class=\"has-small-font-size\">Kinshasa, 2024. At 20, Merveille Bisambu\u2014a single mother and gifted boxer\u2014sees the anniversary of the legendary Ali\u2013Foreman fight as a once-in-a-lifetime chance to join the national team and steady her life. As this potentially historic moment approaches, the singular paths of Merveille and her coach, Judex, intertwine in a city where surviving day to day is already a fight.<\/p>\n\n\n\n<p class=\"has-small-font-size\"><strong>Directed by Renaud Barret written with Corto Vaclav <\/strong><\/p>\n\n\n\n<p class=\"has-small-font-size\"><strong>France T\u00c9L\u00c9VISIONS<\/strong> &#8211; <strong>Canal+ International<\/strong> &#8211; <strong>TV5MONDE<\/strong><\/p>\n\n\n\n<div style=\"height:100px\" aria-hidden=\"true\" class=\"wp-block-spacer\"><\/div>\n<\/div>\n<\/div>\n<\/div>\n\n\n\n<div style=\"height:24px;width:0px\" aria-hidden=\"true\" class=\"wp-block-spacer\"><\/div>\n\n\n\n<div class=\"wp-block-columns alignwide are-vertically-aligned-center is-layout-flex wp-container-core-columns-is-layout-28f84493 wp-block-columns-is-layout-flex\">\n<div class=\"wp-block-column is-layout-flow wp-block-column-is-layout-flow\">\n<figure class=\"wp-block-image size-full\"><img loading=\"lazy\" decoding=\"async\" width=\"595\" height=\"841\" src=\"https:\/\/www.brotherfilms.fr\/wp-content\/uploads\/2025\/09\/PFAS_DOSSIER-ARTISTIQUE-glisses.png\" alt=\"\" class=\"wp-image-346\" style=\"aspect-ratio:1;object-fit:cover\" srcset=\"https:\/\/www.brotherfilms.fr\/wp-content\/uploads\/2025\/09\/PFAS_DOSSIER-ARTISTIQUE-glisses.png 595w, https:\/\/www.brotherfilms.fr\/wp-content\/uploads\/2025\/09\/PFAS_DOSSIER-ARTISTIQUE-glisses-212x300.png 212w\" sizes=\"auto, (max-width: 595px) 100vw, 595px\" \/><\/figure>\n<\/div>\n\n\n\n<div class=\"wp-block-column is-vertically-aligned-bottom is-layout-flow wp-block-column-is-layout-flow\" style=\"flex-basis:70%\">\n<h2 class=\"wp-block-heading has-text-align-left has-secondary-color has-text-color has-link-color wp-elements-36fc77cc68c97a1528c3ebd68c5370af\" style=\"font-size:clamp(23.54px, 1.471rem + ((1vw - 3.2px) * 1.757), 39px);line-height:1.2\"><strong><mark style=\"background-color:rgba(0, 0, 0, 0)\" class=\"has-inline-color has-secondary-color\">Pfas, nos poisons \u00e9ternels<\/mark><\/strong><\/h2>\n\n\n\n<p class=\"has-small-font-size\">PFAS are chemicals invented to make our lives easier. They\u2019re found in non-stick pans, water-repellent clothing, and more. They resist water and fire\u2014and they don\u2019t break down. It took science 60 years to grasp just how harmful they are, to both human health and the environment. While PFAS manufacturers in the United States have been facing convictions for the past 20 years, in Europe the legal and public health battle is only just beginning.<\/p>\n\n\n\n<p class=\"has-small-font-size\"><strong>Directed by Stenka Quillet with Quentin Noirfalisse <\/strong><\/p>\n\n\n\n<p class=\"has-small-font-size\"><strong>ARTE G.E.I.E<\/strong> \u2013<strong> RTBF<\/strong> \u2013 <strong>RTS<\/strong><\/p>\n\n\n\n<div style=\"height:100px\" aria-hidden=\"true\" class=\"wp-block-spacer\"><\/div>\n<\/div>\n<\/div>\n\n\n\n<div style=\"height:24px;width:0px\" aria-hidden=\"true\" class=\"wp-block-spacer\"><\/div>\n\n\n\n<div class=\"wp-block-columns alignwide are-vertically-aligned-center is-layout-flex wp-container-core-columns-is-layout-28f84493 wp-block-columns-is-layout-flex\">\n<div class=\"wp-block-column is-layout-flow wp-block-column-is-layout-flow\">\n<figure class=\"wp-block-image size-full\"><img loading=\"lazy\" decoding=\"async\" width=\"595\" height=\"841\" src=\"https:\/\/www.brotherfilms.fr\/wp-content\/uploads\/2025\/09\/MALRAUX_Dossier-complet-V1-glisses.jpg\" alt=\"\" class=\"wp-image-332\" style=\"aspect-ratio:1;object-fit:cover\" srcset=\"https:\/\/www.brotherfilms.fr\/wp-content\/uploads\/2025\/09\/MALRAUX_Dossier-complet-V1-glisses.jpg 595w, https:\/\/www.brotherfilms.fr\/wp-content\/uploads\/2025\/09\/MALRAUX_Dossier-complet-V1-glisses-212x300.jpg 212w\" sizes=\"auto, (max-width: 595px) 100vw, 595px\" \/><\/figure>\n<\/div>\n\n\n\n<div class=\"wp-block-column is-vertically-aligned-bottom is-layout-flow wp-block-column-is-layout-flow\" style=\"flex-basis:70%\">\n<h2 class=\"wp-block-heading has-text-align-left has-luminous-vivid-amber-color has-text-color has-link-color wp-elements-1b2a3e17788abda52b2101620e3ccaa1\" style=\"font-size:clamp(23.54px, 1.471rem + ((1vw - 3.2px) * 1.757), 39px);line-height:1.2\"><strong>Andr\u00e9 Malraux: The Poetry of Action<\/strong><\/h2>\n\n\n\n<p class=\"has-small-font-size\">This documentary offers a dynamic, contemporary portrait of Malraux\u2014at once witness, actor, and thinker of a 20th century whose upheavals he both observed and helped shape, taking the risk of action in an attempt to make the world a little more compatible with the values he believed in.&nbsp;<\/p>\n\n\n\n<p class=\"has-small-font-size\"><strong>Directed by Alix Maurin written with Vivien Meltz<\/strong><\/p>\n\n\n\n<p class=\"has-small-font-size translation-block\"><strong> France <strong>T\u00c9L\u00c9VISIONS<\/strong><\/strong><\/p>\n\n\n\n<div style=\"height:100px\" aria-hidden=\"true\" class=\"wp-block-spacer\"><\/div>\n<\/div>\n<\/div>\n\n\n\n<p><\/p>","protected":false},"excerpt":{"rendered":"<p>L&rsquo;esprit du combat Kinshasa 2024. \u00c0 20 ans, Merveille Bisambu, m\u00e8re c\u00e9libataire et boxeuse talentueuse, voit en l\u2019anniversaire du l\u00e9gendaire combat Ali &#8211; Foreman une opportunit\u00e9 inesp\u00e9r\u00e9e d\u2019int\u00e9grer l\u2019\u00e9quipe nationale et de stabiliser sa vie. Dans ce moment qui s\u2019annonce historique, les trajectoires singuli\u00e8res de Merveille et de son coach, Judex, s\u2019entrem\u00ealent dans une ville [&hellip;]<\/p>","protected":false},"author":1,"featured_media":208,"parent":0,"menu_order":0,"comment_status":"closed","ping_status":"closed","template":"","meta":{"footnotes":""},"class_list":["post-8","page","type-page","status-publish","has-post-thumbnail","hentry"],"_links":{"self":[{"href":"https:\/\/www.brotherfilms.fr\/en\/wp-json\/wp\/v2\/pages\/8","targetHints":{"allow":["GET"]}}],"collection":[{"href":"https:\/\/www.brotherfilms.fr\/en\/wp-json\/wp\/v2\/pages"}],"about":[{"href":"https:\/\/www.brotherfilms.fr\/en\/wp-json\/wp\/v2\/types\/page"}],"author":[{"embeddable":true,"href":"https:\/\/www.brotherfilms.fr\/en\/wp-json\/wp\/v2\/users\/1"}],"replies":[{"embeddable":true,"href":"https:\/\/www.brotherfilms.fr\/en\/wp-json\/wp\/v2\/comments?post=8"}],"version-history":[{"count":36,"href":"https:\/\/www.brotherfilms.fr\/en\/wp-json\/wp\/v2\/pages\/8\/revisions"}],"predecessor-version":[{"id":408,"href":"https:\/\/www.brotherfilms.fr\/en\/wp-json\/wp\/v2\/pages\/8\/revisions\/408"}],"wp:featuredmedia":[{"embeddable":true,"href":"https:\/\/www.brotherfilms.fr\/en\/wp-json\/wp\/v2\/media\/208"}],"wp:attachment":[{"href":"https:\/\/www.brotherfilms.fr\/en\/wp-json\/wp\/v2\/media?parent=8"}],"curies":[{"name":"wp","href":"https:\/\/api.w.org\/{rel}","templated":true}]}}